{"id":1157,"date":"2024-01-22T11:34:24","date_gmt":"2024-01-22T10:34:24","guid":{"rendered":"https:\/\/bettersolutions.today\/?page_id=1157"},"modified":"2024-01-22T12:18:06","modified_gmt":"2024-01-22T11:18:06","slug":"reserver-une-session-ou-un-premier-echange","status":"publish","type":"page","link":"https:\/\/bettersolutions.today\/index.php\/reserver-une-session-ou-un-premier-echange\/","title":{"rendered":"R\u00e9server"},"content":{"rendered":"\t\t<div data-elementor-type=\"wp-page\" data-elementor-id=\"1157\" class=\"elementor elementor-1157\">\n\t\t\t\t<div class=\"elementor-element elementor-element-9feb219 e-flex e-con-boxed e-con e-parent\" data-id=\"9feb219\" data-element_type=\"container\" data-e-type=\"container\">\n\t\t\t\t\t<div class=\"e-con-inner\">\n\t\t<div class=\"elementor-element elementor-element-5827f74 e-con-full e-flex e-con e-child\" data-id=\"5827f74\" data-element_type=\"container\" data-e-type=\"container\">\n\t\t\t\t<div class=\"elementor-element elementor-element-eb5c661 elementor-widget elementor-widget-heading\" data-id=\"eb5c661\" data-element_type=\"widget\" data-e-type=\"widget\" data-widget_type=\"heading.default\">\n\t\t\t\t<div class=\"elementor-widget-container\">\n\t\t\t\t\t<h2 class=\"elementor-heading-title elementor-size-default\">Parlons-en !<\/h2>\t\t\t\t<\/div>\n\t\t\t\t<\/div>\n\t\t\t\t<div class=\"elementor-element elementor-element-b64a675 elementor-widget elementor-widget-text-editor\" data-id=\"b64a675\" data-element_type=\"widget\" data-e-type=\"widget\" data-widget_type=\"text-editor.default\">\n\t\t\t\t<div class=\"elementor-widget-container\">\n\t\t\t\t\t\t\t\t\t<p>Vous\u00a0rencontrez des <strong>difficult\u00e9s techniques d&rsquo;\u00e9co-conception.<\/strong> Parlons en lors d&rsquo;un <strong>premier \u00e9change gratuit de 30 minutes.<\/strong><\/p>\t\t\t\t\t\t\t\t<\/div>\n\t\t\t\t<\/div>\n\t\t\t\t<div class=\"elementor-element elementor-element-587119b elementor-align-left elementor-widget elementor-widget-button\" data-id=\"587119b\" data-element_type=\"widget\" data-e-type=\"widget\" data-widget_type=\"button.default\">\n\t\t\t\t<div class=\"elementor-widget-container\">\n\t\t\t\t\t\t\t\t\t<div class=\"elementor-button-wrapper\">\n\t\t\t\t\t<a class=\"elementor-button elementor-button-link elementor-size-md\" href=\"https:\/\/calendar.app.google\/upY1EnggKnKuaQaN8\" target=\"_blank\">\n\t\t\t\t\t\t<span class=\"elementor-button-content-wrapper\">\n\t\t\t\t\t\t\t\t\t<span class=\"elementor-button-text\">1er \u00e9change<\/span>\n\t\t\t\t\t<\/span>\n\t\t\t\t\t<\/a>\n\t\t\t\t<\/div>\n\t\t\t\t\t\t\t\t<\/div>\n\t\t\t\t<\/div>\n\t\t\t\t<\/div>\n\t\t<div class=\"elementor-element elementor-element-3a50787 e-con-full e-flex e-con e-child\" data-id=\"3a50787\" data-element_type=\"container\" data-e-type=\"container\">\n\t\t\t\t<div class=\"elementor-element elementor-element-58adda8 elementor-widget elementor-widget-heading\" data-id=\"58adda8\" data-element_type=\"widget\" data-e-type=\"widget\" data-widget_type=\"heading.default\">\n\t\t\t\t<div class=\"elementor-widget-container\">\n\t\t\t\t\t<h2 class=\"elementor-heading-title elementor-size-default\">Besoin d'aller plus loin ?<\/h2>\t\t\t\t<\/div>\n\t\t\t\t<\/div>\n\t\t\t\t<div class=\"elementor-element elementor-element-4094524 elementor-widget elementor-widget-text-editor\" data-id=\"4094524\" data-element_type=\"widget\" data-e-type=\"widget\" data-widget_type=\"text-editor.default\">\n\t\t\t\t<div class=\"elementor-widget-container\">\n\t\t\t\t\t\t\t\t\t<p><strong>Nous avons d\u00e9j\u00e0 parl\u00e9 de vos projets<\/strong> lors du 1er \u00e9change ? Vous souhaitez aller plus loin ? Je vous invite \u00e0 <strong>r\u00e9server une session.<\/strong><\/p>\t\t\t\t\t\t\t\t<\/div>\n\t\t\t\t<\/div>\n\t\t\t\t<div class=\"elementor-element elementor-element-acd6216 elementor-align-left elementor-widget elementor-widget-button\" data-id=\"acd6216\" data-element_type=\"widget\" data-e-type=\"widget\" data-widget_type=\"button.default\">\n\t\t\t\t<div class=\"elementor-widget-container\">\n\t\t\t\t\t\t\t\t\t<div class=\"elementor-button-wrapper\">\n\t\t\t\t\t<a class=\"elementor-button elementor-button-link elementor-size-md\" href=\"https:\/\/calendar.app.google\/iXaqiCotfzuLidvU8\" target=\"_blank\">\n\t\t\t\t\t\t<span class=\"elementor-button-content-wrapper\">\n\t\t\t\t\t\t\t\t\t<span class=\"elementor-button-text\">Sessions<\/span>\n\t\t\t\t\t<\/span>\n\t\t\t\t\t<\/a>\n\t\t\t\t<\/div>\n\t\t\t\t\t\t\t\t<\/div>\n\t\t\t\t<\/div>\n\t\t\t\t<\/div>\n\t\t\t\t\t<\/div>\n\t\t\t\t<\/div>\n\t\t<div class=\"elementor-element elementor-element-e64cdae e-flex e-con-boxed e-con e-parent\" data-id=\"e64cdae\" data-element_type=\"container\" data-e-type=\"container\">\n\t\t\t\t\t<div class=\"e-con-inner\">\n\t\t\t\t\t<\/div>\n\t\t\t\t<\/div>\n\t\t\t\t<\/div>\n\t\t","protected":false},"excerpt":{"rendered":"<p>Parlons-en ! Vous\u00a0rencontrez des difficult\u00e9s techniques d&rsquo;\u00e9co-conception. Parlons en lors d&rsquo;un premier \u00e9change gratuit de 30 minutes. 1er \u00e9change Besoin [&hellip;]<\/p>\n","protected":false},"author":1,"featured_media":0,"parent":0,"menu_order":0,"comment_status":"closed","ping_status":"closed","template":"elementor_theme","meta":{"site-sidebar-layout":"default","site-content-layout":"","ast-site-content-layout":"","site-content-style":"default","site-sidebar-style":"default","ast-global-header-display":"","ast-banner-title-visibility":"","ast-main-header-display":"","ast-hfb-above-header-display":"","ast-hfb-below-header-display":"","ast-hfb-mobile-header-display":"","site-post-title":"disabled","ast-breadcrumbs-content":"","ast-featured-img":"","footer-sml-layout":"","theme-transparent-header-meta":"","adv-header-id-meta":"","stick-header-meta":"","header-above-stick-meta":"","header-main-stick-meta":"","header-below-stick-meta":"","astra-migrate-meta-layouts":"default","ast-page-background-enabled":"default","ast-page-background-meta":{"desktop":{"background-color":"var(--ast-global-color-4)","background-image":"","background-repeat":"repeat","background-position":"center center","background-size":"auto","background-attachment":"scroll","background-type":"","background-media":"","overlay-type":"","overlay-color":"","overlay-gradient":""},"tablet":{"background-color":"","background-image":"","background-repeat":"repeat","background-position":"center center","background-size":"auto","background-attachment":"scroll","background-type":"","background-media":"","overlay-type":"","overlay-color":"","overlay-gradient":""},"mobile":{"background-color":"","background-image":"","background-repeat":"repeat","background-position":"center center","background-size":"auto","background-attachment":"scroll","background-type":"","background-media":"","overlay-type":"","overlay-color":"","overlay-gradient":""}},"ast-content-background-meta":{"desktop":{"background-color":"var(--ast-global-color-5)","background-image":"","background-repeat":"repeat","background-position":"center center","background-size":"auto","background-attachment":"scroll","background-type":"","background-media":"","overlay-type":"","overlay-color":"","overlay-gradient":""},"tablet":{"background-color":"var(--ast-global-color-5)","background-image":"","background-repeat":"repeat","background-position":"center center","background-size":"auto","background-attachment":"scroll","background-type":"","background-media":"","overlay-type":"","overlay-color":"","overlay-gradient":""},"mobile":{"background-color":"var(--ast-global-color-5)","background-image":"","background-repeat":"repeat","background-position":"center center","background-size":"auto","background-attachment":"scroll","background-type":"","background-media":"","overlay-type":"","overlay-color":"","overlay-gradient":""}},"footnotes":""},"class_list":["post-1157","page","type-page","status-publish","hentry"],"yoast_head":"<!-- This site is optimized with the Yoast SEO plugin v27.5 - https:\/\/yoast.com\/product\/yoast-seo-wordpress\/ -->\n<title>R\u00e9server - Bettersolutions.today Un expert pour r\u00e9duire votre impact<\/title>\n<meta name=\"description\" content=\"Bettersolutions.today conseil, expertise, \u00e9co conception de produits et services, innovation, calcul d&#039;impact, cycle de vie, ACV simplifi\u00e9e.\" \/>\n<meta name=\"robots\" content=\"noindex, nofollow\" \/>\n<meta property=\"og:locale\" content=\"fr_FR\" \/>\n<meta property=\"og:type\" content=\"article\" \/>\n<meta property=\"og:title\" content=\"R\u00e9server - Bettersolutions.today Un expert pour r\u00e9duire votre impact\" \/>\n<meta property=\"og:description\" content=\"Bettersolutions.today conseil, expertise, \u00e9co conception de produits et services, innovation, calcul d&#039;impact, cycle de vie, ACV simplifi\u00e9e.\" \/>\n<meta property=\"og:url\" content=\"https:\/\/bettersolutions.today\/index.php\/reserver-une-session-ou-un-premier-echange\/\" \/>\n<meta property=\"og:site_name\" content=\"Bettersolutions.today\" \/>\n<meta property=\"article:modified_time\" content=\"2024-01-22T11:18:06+00:00\" \/>\n<meta property=\"og:image\" content=\"https:\/\/mlrb0d6a7nff.i.optimole.com\/cb:SaZf.e96b\/w:auto\/h:auto\/q:mauto\/f:best\/https:\/\/bettersolutions.today\/wp-content\/uploads\/2024\/01\/bettersolutions_logo150px.png\" \/>\n\t<meta property=\"og:image:width\" content=\"851\" \/>\n\t<meta property=\"og:image:height\" content=\"150\" \/>\n\t<meta property=\"og:image:type\" content=\"image\/png\" \/>\n<meta name=\"twitter:card\" content=\"summary_large_image\" \/>\n<meta name=\"twitter:label1\" content=\"Dur\u00e9e de lecture estim\u00e9e\" \/>\n\t<meta name=\"twitter:data1\" content=\"1 minute\" \/>\n<script type=\"application\/ld+json\" class=\"yoast-schema-graph\">{\"@context\":\"https:\\\/\\\/schema.org\",\"@graph\":[{\"@type\":\"WebPage\",\"@id\":\"https:\\\/\\\/bettersolutions.today\\\/index.php\\\/reserver-une-session-ou-un-premier-echange\\\/\",\"url\":\"https:\\\/\\\/bettersolutions.today\\\/index.php\\\/reserver-une-session-ou-un-premier-echange\\\/\",\"name\":\"R\u00e9server - Bettersolutions.today Un expert pour r\u00e9duire votre impact\",\"isPartOf\":{\"@id\":\"https:\\\/\\\/bettersolutions.today\\\/#website\"},\"datePublished\":\"2024-01-22T10:34:24+00:00\",\"dateModified\":\"2024-01-22T11:18:06+00:00\",\"description\":\"Bettersolutions.today conseil, expertise, \u00e9co conception de produits et services, innovation, calcul d'impact, cycle de vie, ACV simplifi\u00e9e.\",\"breadcrumb\":{\"@id\":\"https:\\\/\\\/bettersolutions.today\\\/index.php\\\/reserver-une-session-ou-un-premier-echange\\\/#breadcrumb\"},\"inLanguage\":\"fr-FR\",\"potentialAction\":[{\"@type\":\"ReadAction\",\"target\":[\"https:\\\/\\\/bettersolutions.today\\\/index.php\\\/reserver-une-session-ou-un-premier-echange\\\/\"]}]},{\"@type\":\"BreadcrumbList\",\"@id\":\"https:\\\/\\\/bettersolutions.today\\\/index.php\\\/reserver-une-session-ou-un-premier-echange\\\/#breadcrumb\",\"itemListElement\":[{\"@type\":\"ListItem\",\"position\":1,\"name\":\"Accueil\",\"item\":\"https:\\\/\\\/bettersolutions.today\\\/\"},{\"@type\":\"ListItem\",\"position\":2,\"name\":\"R\u00e9server\"}]},{\"@type\":\"WebSite\",\"@id\":\"https:\\\/\\\/bettersolutions.today\\\/#website\",\"url\":\"https:\\\/\\\/bettersolutions.today\\\/\",\"name\":\"Bettersolutions.today\",\"description\":\"Un expert pour r\u00e9duire votre impact\",\"publisher\":{\"@id\":\"https:\\\/\\\/bettersolutions.today\\\/#\\\/schema\\\/person\\\/6e7829e3b9fd9b4460c0c27d136e2c8d\"},\"alternateName\":\"Better solutions today\",\"potentialAction\":[{\"@type\":\"SearchAction\",\"target\":{\"@type\":\"EntryPoint\",\"urlTemplate\":\"https:\\\/\\\/bettersolutions.today\\\/?s={search_term_string}\"},\"query-input\":{\"@type\":\"PropertyValueSpecification\",\"valueRequired\":true,\"valueName\":\"search_term_string\"}}],\"inLanguage\":\"fr-FR\"},{\"@type\":[\"Person\",\"Organization\"],\"@id\":\"https:\\\/\\\/bettersolutions.today\\\/#\\\/schema\\\/person\\\/6e7829e3b9fd9b4460c0c27d136e2c8d\",\"name\":\"VyCaF3RT\",\"image\":{\"@type\":\"ImageObject\",\"inLanguage\":\"fr-FR\",\"@id\":\"https:\\/\\/bettersolutions.today\\/wp-content\\/uploads\\/2024\\/01\\/bettersolutions_logo150px.png\",\"url\":\"https:\\/\\/bettersolutions.today\\/wp-content\\/uploads\\/2024\\/01\\/bettersolutions_logo150px.png\",\"contentUrl\":\"https:\\/\\/bettersolutions.today\\/wp-content\\/uploads\\/2024\\/01\\/bettersolutions_logo150px.png\",\"width\":851,\"height\":150,\"caption\":\"VyCaF3RT\"},\"logo\":{\"@id\":\"https:\\/\\/bettersolutions.today\\/wp-content\\/uploads\\/2024\\/01\\/bettersolutions_logo150px.png\"},\"sameAs\":[\"http:\\\/\\\/bettersolutions.today\"]}]}<\/script>\n<!-- \/ Yoast SEO plugin. -->","yoast_head_json":{"title":"R\u00e9server - Bettersolutions.today Un expert pour r\u00e9duire votre impact","description":"Bettersolutions.today conseil, expertise, \u00e9co conception de produits et services, innovation, calcul d'impact, cycle de vie, ACV simplifi\u00e9e.","robots":{"index":"noindex","follow":"nofollow"},"og_locale":"fr_FR","og_type":"article","og_title":"R\u00e9server - Bettersolutions.today Un expert pour r\u00e9duire votre impact","og_description":"Bettersolutions.today conseil, expertise, \u00e9co conception de produits et services, innovation, calcul d'impact, cycle de vie, ACV simplifi\u00e9e.","og_url":"https:\/\/bettersolutions.today\/index.php\/reserver-une-session-ou-un-premier-echange\/","og_site_name":"Bettersolutions.today","article_modified_time":"2024-01-22T11:18:06+00:00","og_image":[{"width":851,"height":150,"url":"https:\/\/mlrb0d6a7nff.i.optimole.com\/cb:SaZf.e96b\/w:auto\/h:auto\/q:mauto\/f:best\/https:\/\/bettersolutions.today\/wp-content\/uploads\/2024\/01\/bettersolutions_logo150px.png","type":"image\/png"}],"twitter_card":"summary_large_image","twitter_misc":{"Dur\u00e9e de lecture estim\u00e9e":"1 minute"},"schema":{"@context":"https:\/\/schema.org","@graph":[{"@type":"WebPage","@id":"https:\/\/bettersolutions.today\/index.php\/reserver-une-session-ou-un-premier-echange\/","url":"https:\/\/bettersolutions.today\/index.php\/reserver-une-session-ou-un-premier-echange\/","name":"R\u00e9server - Bettersolutions.today Un expert pour r\u00e9duire votre impact","isPartOf":{"@id":"https:\/\/bettersolutions.today\/#website"},"datePublished":"2024-01-22T10:34:24+00:00","dateModified":"2024-01-22T11:18:06+00:00","description":"Bettersolutions.today conseil, expertise, \u00e9co conception de produits et services, innovation, calcul d'impact, cycle de vie, ACV simplifi\u00e9e.","breadcrumb":{"@id":"https:\/\/bettersolutions.today\/index.php\/reserver-une-session-ou-un-premier-echange\/#breadcrumb"},"inLanguage":"fr-FR","potentialAction":[{"@type":"ReadAction","target":["https:\/\/bettersolutions.today\/index.php\/reserver-une-session-ou-un-premier-echange\/"]}]},{"@type":"BreadcrumbList","@id":"https:\/\/bettersolutions.today\/index.php\/reserver-une-session-ou-un-premier-echange\/#breadcrumb","itemListElement":[{"@type":"ListItem","position":1,"name":"Accueil","item":"https:\/\/bettersolutions.today\/"},{"@type":"ListItem","position":2,"name":"R\u00e9server"}]},{"@type":"WebSite","@id":"https:\/\/bettersolutions.today\/#website","url":"https:\/\/bettersolutions.today\/","name":"Bettersolutions.today","description":"Un expert pour r\u00e9duire votre impact","publisher":{"@id":"https:\/\/bettersolutions.today\/#\/schema\/person\/6e7829e3b9fd9b4460c0c27d136e2c8d"},"alternateName":"Better solutions today","potentialAction":[{"@type":"SearchAction","target":{"@type":"EntryPoint","urlTemplate":"https:\/\/bettersolutions.today\/?s={search_term_string}"},"query-input":{"@type":"PropertyValueSpecification","valueRequired":true,"valueName":"search_term_string"}}],"inLanguage":"fr-FR"},{"@type":["Person","Organization"],"@id":"https:\/\/bettersolutions.today\/#\/schema\/person\/6e7829e3b9fd9b4460c0c27d136e2c8d","name":"VyCaF3RT","image":{"@type":"ImageObject","inLanguage":"fr-FR","@id":"https:\/\/mlrb0d6a7nff.i.optimole.com\/cb:SaZf.e96b\/w:auto\/h:auto\/q:mauto\/f:best\/https:\/\/bettersolutions.today\/wp-content\/uploads\/2024\/01\/bettersolutions_logo150px.png","url":"https:\/\/mlrb0d6a7nff.i.optimole.com\/cb:SaZf.e96b\/w:auto\/h:auto\/q:mauto\/f:best\/https:\/\/bettersolutions.today\/wp-content\/uploads\/2024\/01\/bettersolutions_logo150px.png","contentUrl":"https:\/\/mlrb0d6a7nff.i.optimole.com\/cb:SaZf.e96b\/w:auto\/h:auto\/q:mauto\/f:best\/https:\/\/bettersolutions.today\/wp-content\/uploads\/2024\/01\/bettersolutions_logo150px.png","width":851,"height":150,"caption":"VyCaF3RT"},"logo":{"@id":"https:\/\/mlrb0d6a7nff.i.optimole.com\/cb:SaZf.e96b\/w:auto\/h:auto\/q:mauto\/f:best\/https:\/\/bettersolutions.today\/wp-content\/uploads\/2024\/01\/bettersolutions_logo150px.png"},"sameAs":["http:\/\/bettersolutions.today"]}]}},"_links":{"self":[{"href":"https:\/\/bettersolutions.today\/index.php\/wp-json\/wp\/v2\/pages\/1157","targetHints":{"allow":["GET"]}}],"collection":[{"href":"https:\/\/bettersolutions.today\/index.php\/wp-json\/wp\/v2\/pages"}],"about":[{"href":"https:\/\/bettersolutions.today\/index.php\/wp-json\/wp\/v2\/types\/page"}],"author":[{"embeddable":true,"href":"https:\/\/bettersolutions.today\/index.php\/wp-json\/wp\/v2\/users\/1"}],"replies":[{"embeddable":true,"href":"https:\/\/bettersolutions.today\/index.php\/wp-json\/wp\/v2\/comments?post=1157"}],"version-history":[{"count":28,"href":"https:\/\/bettersolutions.today\/index.php\/wp-json\/wp\/v2\/pages\/1157\/revisions"}],"predecessor-version":[{"id":1200,"href":"https:\/\/bettersolutions.today\/index.php\/wp-json\/wp\/v2\/pages\/1157\/revisions\/1200"}],"wp:attachment":[{"href":"https:\/\/bettersolutions.today\/index.php\/wp-json\/wp\/v2\/media?parent=1157"}],"curies":[{"name":"wp","href":"https:\/\/api.w.org\/{rel}","templated":true}]}}